{"id":73,"date":"2025-07-02T13:10:18","date_gmt":"2025-07-02T13:10:18","guid":{"rendered":"https:\/\/datatalk.com.vn\/?page_id=73"},"modified":"2025-11-02T03:37:20","modified_gmt":"2025-11-02T03:37:20","slug":"trang-chu","status":"publish","type":"page","link":"https:\/\/datatalk.com.vn\/","title":{"rendered":"HOME"},"content":{"rendered":"\n\t<section class=\"section\" id=\"section_430418752\">\n\t\t<div class=\"bg section-bg fill bg-fill  bg-loaded\" >\n\n\t\t\t\n\t\t\t\n\t\t\t\n\n\t\t<\/div>\n\n\t\t\n\n\t\t<div class=\"section-content relative\">\n\t\t\t\n\n\t<div id=\"text-2566439497\" class=\"text\">\n\t\t\n\n<h1>Gi\u1ea3i Ph\u00e1p Business Intelligence To\u00e0n Di\u1ec7n<\/h1>\n\t\t\n<style>\n#text-2566439497 {\n  font-size: 1.5rem;\n  line-height: 1.25;\n  text-align: center;\n  color: rgb(255, 255, 255);\n}\n#text-2566439497 > * {\n  color: rgb(255, 255, 255);\n}\n<\/style>\n\t<\/div>\n\t\n\t<div id=\"text-1728839655\" class=\"text\">\n\t\t\n\n<p>Qu\u1ea3n l\u00fd, ph\u00e2n t\u00edch v\u00e0 hi\u1ec3n th\u1ecb d\u1eef li\u1ec7u kinh doanh m\u1ed9t c\u00e1ch chuy\u00ean nghi\u1ec7p v\u00e0 d\u1ec5 d\u00e0ng<\/p>\n\t\t\n<style>\n#text-1728839655 {\n  font-size: 1.2rem;\n  line-height: 1.45;\n  text-align: center;\n  color: rgb(255, 255, 255);\n}\n#text-1728839655 > * {\n  color: rgb(255, 255, 255);\n}\n<\/style>\n\t<\/div>\n\t\n\t<div id=\"text-345642357\" class=\"text\">\n\t\t\n\n<p>&#8220;D\u1eef li\u1ec7u ch\u1ec9 th\u1eadt s\u1ef1 c\u00f3 gi\u00e1 tr\u1ecb khi b\u1ea1n nh\u00ecn th\u1ea5y n\u00f3 r\u00f5 r\u00e0ng.&#8221;<\/p>\n\t\t\n<style>\n#text-345642357 {\n  font-size: 1.2rem;\n  line-height: 1.25;\n  text-align: center;\n  color: rgb(255, 255, 255);\n}\n#text-345642357 > * {\n  color: rgb(255, 255, 255);\n}\n<\/style>\n\t<\/div>\n\t\n\n\t\t<\/div>\n\n\t\t\n<style>\n#section_430418752 {\n  padding-top: 60px;\n  padding-bottom: 60px;\n  background-color: rgb(36, 33, 94);\n}\n<\/style>\n\t<\/section>\n\t\n\t<section class=\"section\" id=\"section_1638916181\">\n\t\t<div class=\"bg section-bg fill bg-fill  bg-loaded\" >\n\n\t\t\t\n\t\t\t\n\t\t\t\n\n\t\t<\/div>\n\n\t\t\n\n\t\t<div class=\"section-content relative\">\n\t\t\t\n\n\t<div id=\"text-2886154144\" class=\"text\">\n\t\t\n\n<h2><strong>DASHBOARD TEMPLATE<\/strong><\/h2>\n\t\t\n<style>\n#text-2886154144 {\n  font-size: 1.2rem;\n  text-align: center;\n  color: rgb(36, 33, 94);\n}\n#text-2886154144 > * {\n  color: rgb(36, 33, 94);\n}\n<\/style>\n\t<\/div>\n\t\n\n\t\t<\/div>\n\n\t\t\n<style>\n#section_1638916181 {\n  padding-top: 30px;\n  padding-bottom: 30px;\n}\n<\/style>\n\t<\/section>\n\t\n\n\n<div class=\"pb-embed-block\">\n  <div class=\"pb-iframe-wrap\" role=\"region\" aria-label=\"Power BI dashboard: B\u00e1o c\u00e1o t\u1ed5ng quan \u0111a d\u1ef1 \u00e1n\">\n    <iframe\n      src=\"https:\/\/app.powerbi.com\/view?r=eyJrIjoiNDFhMGNhYmQtNjRmOS00NmJiLWJlOTgtNTEzNjhjNTIxYWViIiwidCI6Ijg2MGVmNGMwLTk0ZjAtNDI4NS04NmVkLTM4YjRiZGI3YTczNyIsImMiOjEwfQ%3D%3D&#038;pageName=ReportSection\"\n      title=\"Dashboard-Build\"\n      frameborder=\"0\"\n      allowfullscreen=\"true\"\n      loading=\"lazy\"><\/iframe>\n  <\/div>\n\n  <div class=\"pb-caption\">\n    <h3 class=\"pb-title\">\n      B\u00e1o c\u00e1o t\u1ed5ng quan \u0111a d\u1ef1 \u00e1n\n      <a class=\"pb-inline-link\" href=\"https:\/\/app.powerbi.com\/view?r=eyJrIjoiNDFhMGNhYmQtNjRmOS00NmJiLWJlOTgtNTEzNjhjNTIxYWViIiwidCI6Ijg2MGVmNGMwLTk0ZjAtNDI4NS04NmVkLTM4YjRiZGI3YTczNyIsImMiOjEwfQ%3D%3D&#038;pageName=ReportSection\" target=\"_blank\" >M\u1edf<\/a>\n    <\/h3>\n  <\/div>\n<\/div>\n\n\n\n<div class=\"pb-embed-block\">\n  <div class=\"pb-iframe-wrap\" role=\"region\" aria-label=\"Dashboard Sale\">\n    <iframe\n      src=\"https:\/\/app.powerbi.com\/view?r=eyJrIjoiYzQzNDZlMzQtMTEzOC00NTRkLWJjNjgtMmZkMGRhZWM5YjdkIiwidCI6Ijg2MGVmNGMwLTk0ZjAtNDI4NS04NmVkLTM4YjRiZGI3YTczNyIsImMiOjEwfQ%3D%3D&#038;pageName=ReportSectionf462e8a5287239b9d083\"\n      title=\"Dashboard-Build\"\n      frameborder=\"0\"\n      allowfullscreen=\"true\"\n      loading=\"lazy\"><\/iframe>\n  <\/div>\n\n  <div class=\"pb-caption\">\n    <h3 class=\"pb-title\">\n     Dashboard Sale\n      <a class=\"pb-inline-link\" href=\"https:\/\/app.powerbi.com\/view?r=eyJrIjoiYzQzNDZlMzQtMTEzOC00NTRkLWJjNjgtMmZkMGRhZWM5YjdkIiwidCI6Ijg2MGVmNGMwLTk0ZjAtNDI4NS04NmVkLTM4YjRiZGI3YTczNyIsImMiOjEwfQ%3D%3D&#038;pageName=ReportSectionf462e8a5287239b9d083\" target=\"_blank\" >M\u1edf<\/a>\n    <\/h3>\n  <\/div>\n<\/div>\n\n\n\n<div class=\"pb-embed-block\">\n  <div class=\"pb-iframe-wrap\" role=\"region\" aria-label=\"Dashboard KPS- Ecommerce\">\n    <iframe\n      src=\"https:\/\/app.powerbi.com\/view?r=eyJrIjoiZmUyZDliMjMtNjFkMS00NjA2LWE0ZWQtMmZhYjRhMWUwMjAwIiwidCI6Ijg2MGVmNGMwLTk0ZjAtNDI4NS04NmVkLTM4YjRiZGI3YTczNyIsImMiOjEwfQ%3D%3D&#038;pageName=ReportSection\"\n      title=\"Dashboard-Build\"\n      frameborder=\"0\"\n      allowfullscreen=\"true\"\n      loading=\"lazy\"><\/iframe>\n  <\/div>\n\n  <div class=\"pb-caption\">\n    <h3 class=\"pb-title\">\n     Dashboard KPS- Ecommerce      <a class=\"pb-inline-link\" href=\"https:\/\/app.powerbi.com\/view?r=eyJrIjoiZmUyZDliMjMtNjFkMS00NjA2LWE0ZWQtMmZhYjRhMWUwMjAwIiwidCI6Ijg2MGVmNGMwLTk0ZjAtNDI4NS04NmVkLTM4YjRiZGI3YTczNyIsImMiOjEwfQ%3D%3D&#038;pageName=ReportSection\" target=\"_blank\" >M\u1edf<\/a>\n    <\/h3>\n  <\/div>\n<\/div>\n\n\n\n<div class=\"pb-embed-block\">\n  <div class=\"pb-iframe-wrap\" role=\"region\" aria-label=\"Dashboard ADS Marketing\">\n    <iframe\n      src=\"https:\/\/app.powerbi.com\/view?r=eyJrIjoiMzI2YzI5ZjEtNzExZi00MWE2LWE3ZWQtMDcwMjJmODE2N2VjIiwidCI6Ijg2MGVmNGMwLTk0ZjAtNDI4NS04NmVkLTM4YjRiZGI3YTczNyIsImMiOjEwfQ%3D%3D&#038;pageName=ReportSection85af30f239c2cc2c3601\"\n      title=\"Dashboard ADS Marketing\"\n      frameborder=\"0\"\n      allowfullscreen=\"true\"\n      loading=\"lazy\"><\/iframe>\n  <\/div>\n\n  <div class=\"pb-caption\">\n    <h3 class=\"pb-title\">\n     Dashboard ADS Marketing      <a class=\"pb-inline-link\" href=\"https:\/\/app.powerbi.com\/reportEmbed?reportId=da8a01d6-8ae3-4c9c-bd7a-7699dcd35629&#038;autoAuth=true&#038;ctid=860ef4c0-94f0-4285-86ed-38b4bdb7a737\" target=\"_blank\" >M\u1edf<\/a>\n    <\/h3>\n  <\/div>\n<\/div>\n\n\t<section class=\"section\" id=\"section_661289692\">\n\t\t<div class=\"bg section-bg fill bg-fill  bg-loaded\" >\n\n\t\t\t\n\t\t\t\n\t\t\t\n\n\t\t<\/div>\n\n\t\t\n\n\t\t<div class=\"section-content relative\">\n\t\t\t\n\n<div class=\"row row-large align-middle\"  id=\"row-729884557\">\n\n\n\t<div id=\"col-158046702\" class=\"col medium-6 small-12 large-6\"  >\n\t\t\t\t<div class=\"col-inner text-left\"  >\n\t\t\t\n\t\t\t\n\n\t<div id=\"text-4195011591\" class=\"text\">\n\t\t\n\n<h2>1. Ra quy\u1ebft \u0111\u1ecbnh nhanh ch\u00f3ng, c\u00f3 c\u01a1 s\u1edf<\/h2>\n\t\t\n<style>\n#text-4195011591 {\n  font-size: 1.05rem;\n  line-height: 2;\n  color: #24215e;\n}\n#text-4195011591 > * {\n  color: #24215e;\n}\n<\/style>\n\t<\/div>\n\t\n\t<div id=\"text-2544133997\" class=\"text\">\n\t\t\n\n<ul>\n<li>Kh\u00f4ng c\u1ea7n m\u00f2 file Excel, kh\u00f4ng c\u1ea7n h\u1ecfi l\u1ea1i k\u1ebf to\u00e1n hay nh\u00e2n vi\u00ean. Ch\u1ec9 c\u1ea7n m\u1edf dashboard l\u00e0 b\u1ea1n bi\u1ebft:<\/li>\n<li>Doanh thu h\u00f4m nay bao nhi\u00eau?<\/li>\n<li>Chi ph\u00ed \u0111ang v\u01b0\u1ee3t \u1edf \u0111\u00e2u?<\/li>\n<li>S\u1ea3n ph\u1ea9m n\u00e0o \u0111ang b\u00e1n t\u1ed1t nh\u1ea5t?<\/li>\n<li>Qu\u1ea3ng c\u00e1o n\u00e0o \u0111ang &#8220;\u0111\u1ed1t ti\u1ec1n&#8221;?<\/li>\n<\/ul>\n\t\t\n<style>\n#text-2544133997 {\n  font-size: 1.1rem;\n  line-height: 2;\n  color: rgb(47, 47, 47);\n}\n#text-2544133997 > * {\n  color: rgb(47, 47, 47);\n}\n<\/style>\n\t<\/div>\n\t\n\n\t\t<\/div>\n\t\t\t\t\t<\/div>\n\n\t\n\n\t<div id=\"col-704837681\" class=\"col medium-6 small-12 large-6\"  >\n\t\t\t\t<div class=\"col-inner\"  >\n\t\t\t\n\t\t\t\n\n\t<div class=\"img has-hover x md-x lg-x y md-y lg-y\" id=\"image_150481131\">\n\t\t\t\t\t\t\t\t<div class=\"img-inner dark\" >\n\t\t\t<img loading=\"lazy\" decoding=\"async\" width=\"525\" height=\"300\" src=\"https:\/\/datatalk.com.vn\/wp-content\/uploads\/2025\/07\/Thiet-ke-chua-co-ten-11.png\" class=\"attachment-large size-large\" alt=\"\" srcset=\"https:\/\/datatalk.com.vn\/wp-content\/uploads\/2025\/07\/Thiet-ke-chua-co-ten-11.png 525w, https:\/\/datatalk.com.vn\/wp-content\/uploads\/2025\/07\/Thiet-ke-chua-co-ten-11-300x171.png 300w\" sizes=\"auto, (max-width: 525px) 100vw, 525px\" \/>\t\t\t\t\t\t\n\t\t\t\t\t<\/div>\n\t\t\t\t\t\t\t\t\n<style>\n#image_150481131 {\n  width: 100%;\n}\n<\/style>\n\t<\/div>\n\t\n\n\n\t\t<\/div>\n\t\t\t\t\t<\/div>\n\n\t\n\n<\/div>\n\n\t\t<\/div>\n\n\t\t\n<style>\n#section_661289692 {\n  padding-top: 40px;\n  padding-bottom: 40px;\n  background-color: rgb(248, 249, 250);\n}\n<\/style>\n\t<\/section>\n\t\n\t<section class=\"section\" id=\"section_188073770\">\n\t\t<div class=\"bg section-bg fill bg-fill  bg-loaded\" >\n\n\t\t\t\n\t\t\t\n\t\t\t\n\n\t\t<\/div>\n\n\t\t\n\n\t\t<div class=\"section-content relative\">\n\t\t\t\n\n<div class=\"row row-large align-middle\"  id=\"row-1291804098\">\n\n\n\t<div id=\"col-262437910\" class=\"col medium-6 small-12 large-6\"  >\n\t\t\t\t<div class=\"col-inner\"  >\n\t\t\t\n\t\t\t\n\n\t<div class=\"img has-hover x md-x lg-x y md-y lg-y\" id=\"image_1436794210\">\n\t\t\t\t\t\t\t\t<div class=\"img-inner dark\" >\n\t\t\t<img loading=\"lazy\" decoding=\"async\" width=\"525\" height=\"300\" src=\"https:\/\/datatalk.com.vn\/wp-content\/uploads\/2025\/07\/Thiet-ke-chua-co-ten-12.png\" class=\"attachment-large size-large\" alt=\"\" srcset=\"https:\/\/datatalk.com.vn\/wp-content\/uploads\/2025\/07\/Thiet-ke-chua-co-ten-12.png 525w, https:\/\/datatalk.com.vn\/wp-content\/uploads\/2025\/07\/Thiet-ke-chua-co-ten-12-300x171.png 300w\" sizes=\"auto, (max-width: 525px) 100vw, 525px\" \/>\t\t\t\t\t\t\n\t\t\t\t\t<\/div>\n\t\t\t\t\t\t\t\t\n<style>\n#image_1436794210 {\n  width: 100%;\n}\n<\/style>\n\t<\/div>\n\t\n\n\n\t\t<\/div>\n\t\t\t\t\t<\/div>\n\n\t\n\n\t<div id=\"col-1637603095\" class=\"col medium-6 small-12 large-6\"  >\n\t\t\t\t<div class=\"col-inner text-left\"  >\n\t\t\t\n\t\t\t\n\n\t<div id=\"text-418551343\" class=\"text\">\n\t\t\n\n<h2>2. Gi\u00e1m S\u00e1t To\u00e0n B\u1ed9 Ho\u1ea1t \u0110\u1ed9ng<\/h2>\n\t\t\n<style>\n#text-418551343 {\n  font-size: 1.05rem;\n  line-height: 2;\n  color: #24215e;\n}\n#text-418551343 > * {\n  color: #24215e;\n}\n<\/style>\n\t<\/div>\n\t\n\t<div id=\"text-89592848\" class=\"text\">\n\t\t\n\n<ul>\n<li>T\u1ea5t c\u1ea3 d\u1eef li\u1ec7u: t\u1eeb b\u00e1n h\u00e0ng, t\u1ed3n kho \u0111\u1ebfn marketing<\/li>\n<li>M\u1ed9t m\u00e0n h\u00ecnh duy nh\u1ea5t, tr\u1ef1c quan v\u00e0 d\u1ec5 hi\u1ec3u<\/li>\n<li>C\u1eadp nh\u1eadt t\u1ef1 \u0111\u1ed9ng, kh\u00f4ng c\u1ea7n chuy\u1ec3n tab hay file<\/li>\n<\/ul>\n\t\t\n<style>\n#text-89592848 {\n  font-size: 1.1rem;\n  line-height: 2;\n  color: rgb(47, 47, 47);\n}\n#text-89592848 > * {\n  color: rgb(47, 47, 47);\n}\n<\/style>\n\t<\/div>\n\t\n\n\t\t<\/div>\n\t\t\t\t\t<\/div>\n\n\t\n\n<\/div>\n\n\t\t<\/div>\n\n\t\t\n<style>\n#section_188073770 {\n  padding-top: 40px;\n  padding-bottom: 40px;\n  background-color: rgb(248, 249, 250);\n}\n<\/style>\n\t<\/section>\n\t\n\t<section class=\"section\" id=\"section_73099126\">\n\t\t<div class=\"bg section-bg fill bg-fill  bg-loaded\" >\n\n\t\t\t\n\t\t\t\n\t\t\t\n\n\t\t<\/div>\n\n\t\t\n\n\t\t<div class=\"section-content relative\">\n\t\t\t\n\n<div class=\"row row-large align-middle\"  id=\"row-1228831837\">\n\n\n\t<div id=\"col-1470552396\" class=\"col medium-6 small-12 large-6\"  >\n\t\t\t\t<div class=\"col-inner text-left\"  >\n\t\t\t\n\t\t\t\n\n\t<div id=\"text-3143807910\" class=\"text\">\n\t\t\n\n<h2>3. Ti\u1ebft Ki\u1ec7m Th\u1eddi Gian<\/h2>\n\t\t\n<style>\n#text-3143807910 {\n  font-size: 1.05rem;\n  line-height: 2;\n  color: rgb(36, 33, 94);\n}\n#text-3143807910 > * {\n  color: rgb(36, 33, 94);\n}\n<\/style>\n\t<\/div>\n\t\n\t<div id=\"text-4181811237\" class=\"text\">\n\t\t\n\n<ul>\n<li>Kh\u00f4ng c\u1ea7n copy-paste m\u1ed7i tu\u1ea7n \u0111\u1ec3 g\u1eedi b\u00e1o c\u00e1o<\/li>\n<li>Dashboard t\u1ef1 \u0111\u1ed9ng c\u1eadp nh\u1eadt li\u00ean t\u1ee5c<\/li>\n<li>L\u00e3nh \u0111\u1ea1o tr\u1ef1c ti\u1ebfp xem \u0111\u01b0\u1ee3c k\u1ebft qu\u1ea3 c\u00f4ng vi\u1ec7c<\/li>\n<\/ul>\n\t\t\n<style>\n#text-4181811237 {\n  font-size: 1.1rem;\n  line-height: 2;\n  color: rgb(47, 47, 47);\n}\n#text-4181811237 > * {\n  color: rgb(47, 47, 47);\n}\n<\/style>\n\t<\/div>\n\t\n\n\t\t<\/div>\n\t\t\t\t\t<\/div>\n\n\t\n\n\t<div id=\"col-1974272463\" class=\"col medium-6 small-12 large-6\"  >\n\t\t\t\t<div class=\"col-inner\"  >\n\t\t\t\n\t\t\t\n\n\t<div class=\"img has-hover x md-x lg-x y md-y lg-y\" id=\"image_655448903\">\n\t\t\t\t\t\t\t\t<div class=\"img-inner dark\" >\n\t\t\t<img loading=\"lazy\" decoding=\"async\" width=\"600\" height=\"321\" src=\"https:\/\/datatalk.com.vn\/wp-content\/uploads\/2025\/10\/64-tien-bac-hay-thoi-gian-dau-moi-la-hanh-phuc-thuc-su-cua-con-nguoi-removebg-preview.png\" class=\"attachment-large size-large\" alt=\"\" srcset=\"https:\/\/datatalk.com.vn\/wp-content\/uploads\/2025\/10\/64-tien-bac-hay-thoi-gian-dau-moi-la-hanh-phuc-thuc-su-cua-con-nguoi-removebg-preview.png 600w, https:\/\/datatalk.com.vn\/wp-content\/uploads\/2025\/10\/64-tien-bac-hay-thoi-gian-dau-moi-la-hanh-phuc-thuc-su-cua-con-nguoi-removebg-preview-300x161.png 300w\" sizes=\"auto, (max-width: 600px) 100vw, 600px\" \/>\t\t\t\t\t\t\n\t\t\t\t\t<\/div>\n\t\t\t\t\t\t\t\t\n<style>\n#image_655448903 {\n  width: 100%;\n}\n<\/style>\n\t<\/div>\n\t\n\n\n\t\t<\/div>\n\t\t\t\t\t<\/div>\n\n\t\n\n<\/div>\n\n\t\t<\/div>\n\n\t\t\n<style>\n#section_73099126 {\n  padding-top: 40px;\n  padding-bottom: 40px;\n  background-color: rgb(248, 249, 250);\n}\n<\/style>\n\t<\/section>\n\t\n\t<section class=\"section\" id=\"section_1904666680\">\n\t\t<div class=\"bg section-bg fill bg-fill  bg-loaded\" >\n\n\t\t\t\n\t\t\t\n\t\t\t\n\n\t\t<\/div>\n\n\t\t\n\n\t\t<div class=\"section-content relative\">\n\t\t\t\n\n<div class=\"row row-large align-middle\"  id=\"row-493018582\">\n\n\n\t<div id=\"col-1173175996\" class=\"col medium-6 small-12 large-6\"  >\n\t\t\t\t<div class=\"col-inner\"  >\n\t\t\t\n\t\t\t\n\n\t<div class=\"img has-hover x md-x lg-x y md-y lg-y\" id=\"image_2012081700\">\n\t\t\t\t\t\t\t\t<div class=\"img-inner dark\" >\n\t\t\t<img loading=\"lazy\" decoding=\"async\" width=\"600\" height=\"300\" src=\"https:\/\/datatalk.com.vn\/wp-content\/uploads\/2025\/07\/Thiet-ke-chua-co-ten-14.png\" class=\"attachment-large size-large\" alt=\"\" srcset=\"https:\/\/datatalk.com.vn\/wp-content\/uploads\/2025\/07\/Thiet-ke-chua-co-ten-14.png 600w, https:\/\/datatalk.com.vn\/wp-content\/uploads\/2025\/07\/Thiet-ke-chua-co-ten-14-300x150.png 300w\" sizes=\"auto, (max-width: 600px) 100vw, 600px\" \/>\t\t\t\t\t\t\n\t\t\t\t\t<\/div>\n\t\t\t\t\t\t\t\t\n<style>\n#image_2012081700 {\n  width: 100%;\n}\n<\/style>\n\t<\/div>\n\t\n\n\n\t\t<\/div>\n\t\t\t\t\t<\/div>\n\n\t\n\n\t<div id=\"col-390116999\" class=\"col medium-6 small-12 large-6\"  >\n\t\t\t\t<div class=\"col-inner text-left\"  >\n\t\t\t\n\t\t\t\n\n\t<div id=\"text-2627713269\" class=\"text\">\n\t\t\n\n<h2>4. Tr\u1ef1c Quan \u2013 D\u1ec5 Hi\u1ec3u<\/h2>\n\t\t\n<style>\n#text-2627713269 {\n  font-size: 1.05rem;\n  line-height: 2;\n  color: #24215e;\n}\n#text-2627713269 > * {\n  color: #24215e;\n}\n<\/style>\n\t<\/div>\n\t\n\t<div id=\"text-741976994\" class=\"text\">\n\t\t\n\n<ul>\n<li>Kh\u00f4ng ph\u1ea3i ai c\u0169ng hi\u1ec3u b\u1ea3ng t\u00ednh. Nh\u01b0ng ai c\u0169ng hi\u1ec3u \u0111\u1ed3 th\u1ecb<\/li>\n<li>C\u00e1c bi\u1ec3u \u0111\u1ed3, b\u1ea3ng x\u1ebfp h\u1ea1ng r\u00f5 r\u00e0ng<\/li>\n<li>D\u1ec5 thuy\u1ebft ph\u1ee5c s\u1ebfp, kh\u00e1ch h\u00e0ng, nh\u00e0 \u0111\u1ea7u t\u01b0<\/li>\n<\/ul>\n\t\t\n<style>\n#text-741976994 {\n  font-size: 1.1rem;\n  line-height: 2;\n  color: rgb(47, 47, 47);\n}\n#text-741976994 > * {\n  color: rgb(47, 47, 47);\n}\n<\/style>\n\t<\/div>\n\t\n\n\t\t<\/div>\n\t\t\t\t\t<\/div>\n\n\t\n\n<\/div>\n\n\t\t<\/div>\n\n\t\t\n<style>\n#section_1904666680 {\n  padding-top: 40px;\n  padding-bottom: 40px;\n  background-color: rgb(248, 249, 250);\n}\n<\/style>\n\t<\/section>\n\t\n\t<section class=\"section\" id=\"section_1549274009\">\n\t\t<div class=\"bg section-bg fill bg-fill  bg-loaded\" >\n\n\t\t\t\n\t\t\t\n\t\t\t\n\n\t\t<\/div>\n\n\t\t\n\n\t\t<div class=\"section-content relative\">\n\t\t\t\n\n<div class=\"row row-large align-middle\"  id=\"row-1422029498\">\n\n\n\t<div id=\"col-1778432038\" class=\"col medium-6 small-12 large-6\"  >\n\t\t\t\t<div class=\"col-inner text-left\"  >\n\t\t\t\n\t\t\t\n\n\t<div id=\"text-4122991377\" class=\"text\">\n\t\t\n\n<h2>5. K\u1ebft N\u1ed1i Nhi\u1ec1u Ngu\u1ed3n D\u1eef Li\u1ec7u<\/h2>\n\t\t\n<style>\n#text-4122991377 {\n  font-size: 1.05rem;\n  line-height: 2;\n  color: rgb(36, 33, 94);\n}\n#text-4122991377 > * {\n  color: rgb(36, 33, 94);\n}\n<\/style>\n\t<\/div>\n\t\n\t<div id=\"text-767047910\" class=\"text\">\n\t\t\n\n<ul>\n<li>Excel (.xlsx, .xlsm)<\/li>\n<li>Google Sheet<\/li>\n<li>Database<\/li>\n<li>Google BigQuery<\/li>\n<\/ul>\n\t\t\n<style>\n#text-767047910 {\n  font-size: 1.1rem;\n  line-height: 2;\n  color: rgb(47, 47, 47);\n}\n#text-767047910 > * {\n  color: rgb(47, 47, 47);\n}\n<\/style>\n\t<\/div>\n\t\n\n\t\t<\/div>\n\t\t\t\t\t<\/div>\n\n\t\n\n\t<div id=\"col-1320271725\" class=\"col medium-6 small-12 large-6\"  >\n\t\t\t\t<div class=\"col-inner\"  >\n\t\t\t\n\t\t\t\n\n\t<div class=\"img has-hover x md-x lg-x y md-y lg-y\" id=\"image_343288893\">\n\t\t\t\t\t\t\t\t<div class=\"img-inner dark\" >\n\t\t\t<img loading=\"lazy\" decoding=\"async\" width=\"600\" height=\"300\" src=\"https:\/\/datatalk.com.vn\/wp-content\/uploads\/2025\/07\/Thiet-ke-chua-co-ten-15.png\" class=\"attachment-large size-large\" alt=\"\" srcset=\"https:\/\/datatalk.com.vn\/wp-content\/uploads\/2025\/07\/Thiet-ke-chua-co-ten-15.png 600w, https:\/\/datatalk.com.vn\/wp-content\/uploads\/2025\/07\/Thiet-ke-chua-co-ten-15-300x150.png 300w\" sizes=\"auto, (max-width: 600px) 100vw, 600px\" \/>\t\t\t\t\t\t\n\t\t\t\t\t<\/div>\n\t\t\t\t\t\t\t\t\n<style>\n#image_343288893 {\n  width: 100%;\n}\n<\/style>\n\t<\/div>\n\t\n\n\n\t\t<\/div>\n\t\t\t\t\t<\/div>\n\n\t\n\n<\/div>\n\n\t\t<\/div>\n\n\t\t\n<style>\n#section_1549274009 {\n  padding-top: 40px;\n  padding-bottom: 40px;\n  margin-bottom: 40px;\n  background-color: rgb(248, 249, 250);\n}\n<\/style>\n\t<\/section>\n\t\n<div class=\"slider-wrapper relative\" id=\"slider-571504122\" >\n    <div class=\"slider slider-nav-circle slider-nav-large slider-nav-light slider-style-normal\"\n        data-flickity-options='{\n            \"cellAlign\": \"center\",\n            \"imagesLoaded\": true,\n            \"lazyLoad\": 1,\n            \"freeScroll\": false,\n            \"wrapAround\": true,\n            \"autoPlay\": 6000,\n            \"pauseAutoPlayOnHover\" : true,\n            \"prevNextButtons\": true,\n            \"contain\" : true,\n            \"adaptiveHeight\" : true,\n            \"dragThreshold\" : 10,\n            \"percentPosition\": true,\n            \"pageDots\": true,\n            \"rightToLeft\": false,\n            \"draggable\": true,\n            \"selectedAttraction\": 0.1,\n            \"parallax\" : 0,\n            \"friction\": 0.6        }'\n        >\n        \n\n\t<div class=\"img has-hover x md-x lg-x y md-y lg-y\" id=\"image_594691348\">\n\t\t\t\t\t\t\t\t<div class=\"img-inner image-cover dark\" style=\"padding-top:56.25%;\">\n\t\t\t<img loading=\"lazy\" decoding=\"async\" width=\"300\" height=\"175\" src=\"https:\/\/datatalk.com.vn\/wp-content\/uploads\/2025\/11\/Bang-gia-dich-vu-Dashboard-Business-Intelligence-2-300x175.png\" class=\"attachment-medium size-medium\" alt=\"\" srcset=\"https:\/\/datatalk.com.vn\/wp-content\/uploads\/2025\/11\/Bang-gia-dich-vu-Dashboard-Business-Intelligence-2-300x175.png 300w, https:\/\/datatalk.com.vn\/wp-content\/uploads\/2025\/11\/Bang-gia-dich-vu-Dashboard-Business-Intelligence-2-1024x597.png 1024w, https:\/\/datatalk.com.vn\/wp-content\/uploads\/2025\/11\/Bang-gia-dich-vu-Dashboard-Business-Intelligence-2-768x448.png 768w, https:\/\/datatalk.com.vn\/wp-content\/uploads\/2025\/11\/Bang-gia-dich-vu-Dashboard-Business-Intelligence-2.png 1200w\" sizes=\"auto, (max-width: 300px) 100vw, 300px\" \/>\t\t\t\t\t\t\n\t\t\t\t\t<\/div>\n\t\t\t\t\t\t\t\t\n<style>\n#image_594691348 {\n  width: 100%;\n}\n<\/style>\n\t<\/div>\n\t\n\n\n     <\/div>\n\n     <div class=\"loading-spin dark large centered\"><\/div>\n\n\t<\/div>\n\n\n\t<div id=\"text-1988680154\" class=\"text\">\n\t\t\n\n<p>Phone\/Zalo: 0935.52.51.55<\/p>\n\n\t\t\n<style>\n#text-1988680154 {\n  font-size: 1.95rem;\n  line-height: 2.6;\n  text-align: center;\n  color: #24215e;\n}\n#text-1988680154 > * {\n  color: #24215e;\n}\n<\/style>\n\t<\/div>\n\t\n\n","protected":false},"excerpt":{"rendered":"","protected":false},"author":1,"featured_media":0,"parent":0,"menu_order":0,"comment_status":"closed","ping_status":"closed","template":"page-blank.php","meta":{"footnotes":""},"class_list":["post-73","page","type-page","status-publish","hentry"],"_links":{"self":[{"href":"https:\/\/datatalk.com.vn\/index.php\/wp-json\/wp\/v2\/pages\/73","targetHints":{"allow":["GET"]}}],"collection":[{"href":"https:\/\/datatalk.com.vn\/index.php\/wp-json\/wp\/v2\/pages"}],"about":[{"href":"https:\/\/datatalk.com.vn\/index.php\/wp-json\/wp\/v2\/types\/page"}],"author":[{"embeddable":true,"href":"https:\/\/datatalk.com.vn\/index.php\/wp-json\/wp\/v2\/users\/1"}],"replies":[{"embeddable":true,"href":"https:\/\/datatalk.com.vn\/index.php\/wp-json\/wp\/v2\/comments?post=73"}],"version-history":[{"count":91,"href":"https:\/\/datatalk.com.vn\/index.php\/wp-json\/wp\/v2\/pages\/73\/revisions"}],"predecessor-version":[{"id":216,"href":"https:\/\/datatalk.com.vn\/index.php\/wp-json\/wp\/v2\/pages\/73\/revisions\/216"}],"wp:attachment":[{"href":"https:\/\/datatalk.com.vn\/index.php\/wp-json\/wp\/v2\/media?parent=73"}],"curies":[{"name":"wp","href":"https:\/\/api.w.org\/{rel}","templated":true}]}}